{"id":378,"date":"2021-02-10T09:05:59","date_gmt":"2021-02-10T08:05:59","guid":{"rendered":"https:\/\/mrlewandowski.com\/?page_id=378"},"modified":"2021-05-06T09:50:56","modified_gmt":"2021-05-06T07:50:56","slug":"galeria","status":"publish","type":"page","link":"https:\/\/mrlewandowski.com\/?page_id=378","title":{"rendered":"Galeria"},"content":{"rendered":"\t\t<div data-elementor-type=\"wp-page\" data-elementor-id=\"378\" class=\"elementor elementor-378\" data-elementor-post-type=\"page\">\n\t\t\t\t\t\t<section class=\"elementor-section elementor-top-section elementor-element elementor-element-20168d8 elementor-section-content-middle elementor-section-boxed elementor-section-height-default elementor-section-height-default\" data-id=\"20168d8\" data-element_type=\"section\" data-settings=\"{&quot;background_background&quot;:&quot;classic&quot;,&quot;_ha_eqh_enable&quot;:false}\">\n\t\t\t\t\t\t<div class=\"elementor-container elementor-column-gap-wider\">\n\t\t\t\t\t<div class=\"elementor-column elementor-col-100 elementor-top-column elementor-element elementor-element-1147582\" data-id=\"1147582\" data-element_type=\"column\">\n\t\t\t<div class=\"elementor-widget-wrap elementor-element-populated\">\n\t\t\t\t\t\t<div class=\"elementor-element elementor-element-50049615 elementor-widget elementor-widget-ha-justified-gallery happy-addon ha-justified-gallery\" data-id=\"50049615\" data-element_type=\"widget\" data-settings=\"{&quot;row_height&quot;:{&quot;unit&quot;:&quot;px&quot;,&quot;size&quot;:200,&quot;sizes&quot;:[]},&quot;last_row&quot;:&quot;hide&quot;,&quot;margins&quot;:{&quot;unit&quot;:&quot;px&quot;,&quot;size&quot;:10,&quot;sizes&quot;:[]},&quot;enable_popup&quot;:&quot;yes&quot;}\" data-widget_type=\"ha-justified-gallery.default\">\n\t\t\t\t<div class=\"elementor-widget-container\">\n\t\t\t\t\t\t<div class=\"ha-filter hajs-filter\" data-default-filter=\"*\" role=\"navigation\" aria-label=\"Gallery filter\">\n\t\t\t\t\t\t\t\t\t<button class=\"ha-filter__item\" type=\"button\" data-filter=\"*\">Wszystkie<\/button><\/li>\n\t\t\t\t\t\t\t\t\t\t\t\t\t<button class=\"ha-filter__item\" type=\"button\" data-filter=\".__fltr-1\">ZAAWANSOWANE NAPRAWY<\/button><\/li>\n\t\t\t\t\t\t\t\t\t<button class=\"ha-filter__item\" type=\"button\" data-filter=\".__fltr-2\">PROCES WYTWARZANIA<\/button><\/li>\n\t\t\t\t\t\t\t\t\t<button class=\"ha-filter__item\" type=\"button\" data-filter=\".__fltr-3\">Nowoczesne maszyny<\/button><\/li>\n\t\t\t\t\t\t\t\t\t<button class=\"ha-filter__item\" type=\"button\" data-filter=\".__fltr-4\">Nowe rozwi\u0105zania techniczne<\/button><\/li>\n\t\t\t\t\t\t\t<\/div>\n\t\t\n\t\t<div class=\"ha-justified-grid__wrap hajs-justified-grid\">\n\t\t\t\t\t\t\t<a href=\"#\" data-mfp-src=\"https:\/\/mrlewandowski.com\/wp-content\/uploads\/2021\/02\/P1550659-1-1024x768.jpg?v=1614677964\" class=\"ha-justified-grid__item ha-js-lightbox __fltr-1\" title=\"\">\n\t\t\t\t\t<img fetchpriority=\"high\" decoding=\"async\" width=\"2048\" height=\"1536\" src=\"https:\/\/mrlewandowski.com\/wp-content\/uploads\/2021\/02\/P1550659-1-2048x1536.jpg?v=1614677964\" class=\"elementor-animation-grow\" alt=\"\" srcset=\"https:\/\/mrlewandowski.com\/wp-content\/uploads\/2021\/02\/P1550659-1-2048x1536.jpg?v=1614677964 2048w, https:\/\/mrlewandowski.com\/wp-content\/uploads\/2021\/02\/P1550659-1-300x225.jpg?v=1614677964 300w, https:\/\/mrlewandowski.com\/wp-content\/uploads\/2021\/02\/P1550659-1-1024x768.jpg?v=1614677964 1024w, https:\/\/mrlewandowski.com\/wp-content\/uploads\/2021\/02\/P1550659-1-768x576.jpg?v=1614677964 768w, https:\/\/mrlewandowski.com\/wp-content\/uploads\/2021\/02\/P1550659-1-1536x1152.jpg?v=1614677964 1536w\" sizes=\"(max-width: 2048px) 100vw, 2048px\" \/>\t\t\t\t<\/a>\n\t\t\t\t\t\t\t<a href=\"#\" data-mfp-src=\"https:\/\/mrlewandowski.com\/wp-content\/uploads\/2021\/02\/P1550454-1024x768.jpg?v=1614677962\" class=\"ha-justified-grid__item ha-js-lightbox __fltr-1\" title=\"\">\n\t\t\t\t\t<img decoding=\"async\" width=\"1600\" height=\"1200\" src=\"https:\/\/mrlewandowski.com\/wp-content\/uploads\/2021\/02\/P1550454.jpg?v=1614677962\" class=\"elementor-animation-grow\" alt=\"\" srcset=\"https:\/\/mrlewandowski.com\/wp-content\/uploads\/2021\/02\/P1550454.jpg?v=1614677962 1600w, https:\/\/mrlewandowski.com\/wp-content\/uploads\/2021\/02\/P1550454-300x225.jpg?v=1614677962 300w, https:\/\/mrlewandowski.com\/wp-content\/uploads\/2021\/02\/P1550454-1024x768.jpg?v=1614677962 1024w, https:\/\/mrlewandowski.com\/wp-content\/uploads\/2021\/02\/P1550454-768x576.jpg?v=1614677962 768w, https:\/\/mrlewandowski.com\/wp-content\/uploads\/2021\/02\/P1550454-1536x1152.jpg?v=1614677962 1536w\" sizes=\"(max-width: 1600px) 100vw, 1600px\" \/>\t\t\t\t<\/a>\n\t\t\t\t\t\t\t<a href=\"#\" data-mfp-src=\"https:\/\/mrlewandowski.com\/wp-content\/uploads\/2021\/02\/P1550526-1024x768.jpg?v=1614677963\" class=\"ha-justified-grid__item ha-js-lightbox __fltr-1\" title=\"\">\n\t\t\t\t\t<img decoding=\"async\" width=\"1600\" height=\"1200\" src=\"https:\/\/mrlewandowski.com\/wp-content\/uploads\/2021\/02\/P1550526.jpg?v=1614677963\" class=\"elementor-animation-grow\" alt=\"\" srcset=\"https:\/\/mrlewandowski.com\/wp-content\/uploads\/2021\/02\/P1550526.jpg?v=1614677963 1600w, https:\/\/mrlewandowski.com\/wp-content\/uploads\/2021\/02\/P1550526-300x225.jpg?v=1614677963 300w, https:\/\/mrlewandowski.com\/wp-content\/uploads\/2021\/02\/P1550526-1024x768.jpg?v=1614677963 1024w, https:\/\/mrlewandowski.com\/wp-content\/uploads\/2021\/02\/P1550526-768x576.jpg?v=1614677963 768w, https:\/\/mrlewandowski.com\/wp-content\/uploads\/2021\/02\/P1550526-1536x1152.jpg?v=1614677963 1536w\" sizes=\"(max-width: 1600px) 100vw, 1600px\" \/>\t\t\t\t<\/a>\n\t\t\t\t\t\t\t<a href=\"#\" data-mfp-src=\"https:\/\/mrlewandowski.com\/wp-content\/uploads\/2021\/03\/P1550558-1024x768.jpg?v=1614678657\" class=\"ha-justified-grid__item ha-js-lightbox __fltr-1\" title=\"\">\n\t\t\t\t\t<img loading=\"lazy\" decoding=\"async\" width=\"1600\" height=\"1200\" src=\"https:\/\/mrlewandowski.com\/wp-content\/uploads\/2021\/03\/P1550558.jpg?v=1614678657\" class=\"elementor-animation-grow\" alt=\"\" srcset=\"https:\/\/mrlewandowski.com\/wp-content\/uploads\/2021\/03\/P1550558.jpg?v=1614678657 1600w, https:\/\/mrlewandowski.com\/wp-content\/uploads\/2021\/03\/P1550558-300x225.jpg?v=1614678657 300w, https:\/\/mrlewandowski.com\/wp-content\/uploads\/2021\/03\/P1550558-1024x768.jpg?v=1614678657 1024w, https:\/\/mrlewandowski.com\/wp-content\/uploads\/2021\/03\/P1550558-768x576.jpg?v=1614678657 768w, https:\/\/mrlewandowski.com\/wp-content\/uploads\/2021\/03\/P1550558-1536x1152.jpg?v=1614678657 1536w\" sizes=\"(max-width: 1600px) 100vw, 1600px\" \/>\t\t\t\t<\/a>\n\t\t\t\t\t\t\t<a href=\"#\" data-mfp-src=\"https:\/\/mrlewandowski.com\/wp-content\/uploads\/2021\/02\/P1550598-1024x768.jpg?v=1614677963\" class=\"ha-justified-grid__item ha-js-lightbox __fltr-1\" title=\"\">\n\t\t\t\t\t<img loading=\"lazy\" decoding=\"async\" width=\"2048\" height=\"1536\" src=\"https:\/\/mrlewandowski.com\/wp-content\/uploads\/2021\/02\/P1550598-2048x1536.jpg?v=1614677963\" class=\"elementor-animation-grow\" alt=\"\" srcset=\"https:\/\/mrlewandowski.com\/wp-content\/uploads\/2021\/02\/P1550598-2048x1536.jpg?v=1614677963 2048w, https:\/\/mrlewandowski.com\/wp-content\/uploads\/2021\/02\/P1550598-300x225.jpg?v=1614677963 300w, https:\/\/mrlewandowski.com\/wp-content\/uploads\/2021\/02\/P1550598-1024x768.jpg?v=1614677963 1024w, https:\/\/mrlewandowski.com\/wp-content\/uploads\/2021\/02\/P1550598-768x576.jpg?v=1614677963 768w, https:\/\/mrlewandowski.com\/wp-content\/uploads\/2021\/02\/P1550598-1536x1152.jpg?v=1614677963 1536w\" sizes=\"(max-width: 2048px) 100vw, 2048px\" \/>\t\t\t\t<\/a>\n\t\t\t\t\t\t\t<a href=\"#\" data-mfp-src=\"https:\/\/mrlewandowski.com\/wp-content\/uploads\/2021\/02\/P1550601-1024x768.jpg?v=1614677963\" class=\"ha-justified-grid__item ha-js-lightbox __fltr-1\" title=\"\">\n\t\t\t\t\t<img loading=\"lazy\" decoding=\"async\" width=\"2048\" height=\"1536\" src=\"https:\/\/mrlewandowski.com\/wp-content\/uploads\/2021\/02\/P1550601-2048x1536.jpg?v=1614677963\" class=\"elementor-animation-grow\" alt=\"\" srcset=\"https:\/\/mrlewandowski.com\/wp-content\/uploads\/2021\/02\/P1550601-2048x1536.jpg?v=1614677963 2048w, https:\/\/mrlewandowski.com\/wp-content\/uploads\/2021\/02\/P1550601-300x225.jpg?v=1614677963 300w, https:\/\/mrlewandowski.com\/wp-content\/uploads\/2021\/02\/P1550601-1024x768.jpg?v=1614677963 1024w, https:\/\/mrlewandowski.com\/wp-content\/uploads\/2021\/02\/P1550601-768x576.jpg?v=1614677963 768w, https:\/\/mrlewandowski.com\/wp-content\/uploads\/2021\/02\/P1550601-1536x1152.jpg?v=1614677963 1536w\" sizes=\"(max-width: 2048px) 100vw, 2048px\" \/>\t\t\t\t<\/a>\n\t\t\t\t\t\t\t<a href=\"#\" data-mfp-src=\"https:\/\/mrlewandowski.com\/wp-content\/uploads\/2021\/02\/P1550699-1024x768.jpg?v=1614677963\" class=\"ha-justified-grid__item ha-js-lightbox __fltr-1\" title=\"\">\n\t\t\t\t\t<img loading=\"lazy\" decoding=\"async\" width=\"2048\" height=\"1536\" src=\"https:\/\/mrlewandowski.com\/wp-content\/uploads\/2021\/02\/P1550699-2048x1536.jpg?v=1614677963\" class=\"elementor-animation-grow\" alt=\"\" srcset=\"https:\/\/mrlewandowski.com\/wp-content\/uploads\/2021\/02\/P1550699-2048x1536.jpg?v=1614677963 2048w, https:\/\/mrlewandowski.com\/wp-content\/uploads\/2021\/02\/P1550699-300x225.jpg?v=1614677963 300w, https:\/\/mrlewandowski.com\/wp-content\/uploads\/2021\/02\/P1550699-1024x768.jpg?v=1614677963 1024w, https:\/\/mrlewandowski.com\/wp-content\/uploads\/2021\/02\/P1550699-768x576.jpg?v=1614677963 768w, https:\/\/mrlewandowski.com\/wp-content\/uploads\/2021\/02\/P1550699-1536x1152.jpg?v=1614677963 1536w\" sizes=\"(max-width: 2048px) 100vw, 2048px\" \/>\t\t\t\t<\/a>\n\t\t\t\t\t\t\t<a href=\"#\" data-mfp-src=\"https:\/\/mrlewandowski.com\/wp-content\/uploads\/2021\/02\/P1550820-1024x768.jpg?v=1614677964\" class=\"ha-justified-grid__item ha-js-lightbox __fltr-1\" title=\"\">\n\t\t\t\t\t<img loading=\"lazy\" decoding=\"async\" width=\"2048\" height=\"1536\" src=\"https:\/\/mrlewandowski.com\/wp-content\/uploads\/2021\/02\/P1550820-2048x1536.jpg?v=1614677964\" class=\"elementor-animation-grow\" alt=\"\" srcset=\"https:\/\/mrlewandowski.com\/wp-content\/uploads\/2021\/02\/P1550820-2048x1536.jpg?v=1614677964 2048w, https:\/\/mrlewandowski.com\/wp-content\/uploads\/2021\/02\/P1550820-300x225.jpg?v=1614677964 300w, https:\/\/mrlewandowski.com\/wp-content\/uploads\/2021\/02\/P1550820-1024x768.jpg?v=1614677964 1024w, https:\/\/mrlewandowski.com\/wp-content\/uploads\/2021\/02\/P1550820-768x576.jpg?v=1614677964 768w, https:\/\/mrlewandowski.com\/wp-content\/uploads\/2021\/02\/P1550820-1536x1152.jpg?v=1614677964 1536w\" sizes=\"(max-width: 2048px) 100vw, 2048px\" \/>\t\t\t\t<\/a>\n\t\t\t\t\t\t\t<a href=\"#\" data-mfp-src=\"https:\/\/mrlewandowski.com\/wp-content\/uploads\/2021\/02\/P1550726-1024x768.jpg?v=1614677964\" class=\"ha-justified-grid__item ha-js-lightbox __fltr-1\" title=\"\">\n\t\t\t\t\t<img loading=\"lazy\" decoding=\"async\" width=\"2048\" height=\"1536\" src=\"https:\/\/mrlewandowski.com\/wp-content\/uploads\/2021\/02\/P1550726-2048x1536.jpg?v=1614677964\" class=\"elementor-animation-grow\" alt=\"\" srcset=\"https:\/\/mrlewandowski.com\/wp-content\/uploads\/2021\/02\/P1550726-2048x1536.jpg?v=1614677964 2048w, https:\/\/mrlewandowski.com\/wp-content\/uploads\/2021\/02\/P1550726-300x225.jpg?v=1614677964 300w, https:\/\/mrlewandowski.com\/wp-content\/uploads\/2021\/02\/P1550726-1024x768.jpg?v=1614677964 1024w, https:\/\/mrlewandowski.com\/wp-content\/uploads\/2021\/02\/P1550726-768x576.jpg?v=1614677964 768w, https:\/\/mrlewandowski.com\/wp-content\/uploads\/2021\/02\/P1550726-1536x1152.jpg?v=1614677964 1536w\" sizes=\"(max-width: 2048px) 100vw, 2048px\" \/>\t\t\t\t<\/a>\n\t\t\t\t\t\t\t<a href=\"#\" data-mfp-src=\"https:\/\/mrlewandowski.com\/wp-content\/uploads\/2021\/02\/P1550757-1024x768.jpg?v=1614677962\" class=\"ha-justified-grid__item ha-js-lightbox __fltr-1\" title=\"\">\n\t\t\t\t\t<img loading=\"lazy\" decoding=\"async\" width=\"2048\" height=\"1536\" src=\"https:\/\/mrlewandowski.com\/wp-content\/uploads\/2021\/02\/P1550757-2048x1536.jpg?v=1614677962\" class=\"elementor-animation-grow\" alt=\"\" srcset=\"https:\/\/mrlewandowski.com\/wp-content\/uploads\/2021\/02\/P1550757-2048x1536.jpg?v=1614677962 2048w, https:\/\/mrlewandowski.com\/wp-content\/uploads\/2021\/02\/P1550757-300x225.jpg?v=1614677962 300w, https:\/\/mrlewandowski.com\/wp-content\/uploads\/2021\/02\/P1550757-1024x768.jpg?v=1614677962 1024w, https:\/\/mrlewandowski.com\/wp-content\/uploads\/2021\/02\/P1550757-768x576.jpg?v=1614677962 768w, https:\/\/mrlewandowski.com\/wp-content\/uploads\/2021\/02\/P1550757-1536x1152.jpg?v=1614677962 1536w\" sizes=\"(max-width: 2048px) 100vw, 2048px\" \/>\t\t\t\t<\/a>\n\t\t\t\t\t\t\t<a href=\"#\" data-mfp-src=\"https:\/\/mrlewandowski.com\/wp-content\/uploads\/2021\/02\/P1230820-2-1024x768.jpg?v=1614677958\" class=\"ha-justified-grid__item ha-js-lightbox __fltr-2\" title=\"\">\n\t\t\t\t\t<img loading=\"lazy\" decoding=\"async\" width=\"2048\" height=\"1536\" src=\"https:\/\/mrlewandowski.com\/wp-content\/uploads\/2021\/02\/P1230820-2-2048x1536.jpg?v=1614677958\" class=\"elementor-animation-grow\" alt=\"\" srcset=\"https:\/\/mrlewandowski.com\/wp-content\/uploads\/2021\/02\/P1230820-2-2048x1536.jpg?v=1614677958 2048w, https:\/\/mrlewandowski.com\/wp-content\/uploads\/2021\/02\/P1230820-2-300x225.jpg?v=1614677958 300w, https:\/\/mrlewandowski.com\/wp-content\/uploads\/2021\/02\/P1230820-2-1024x768.jpg?v=1614677958 1024w, https:\/\/mrlewandowski.com\/wp-content\/uploads\/2021\/02\/P1230820-2-768x576.jpg?v=1614677958 768w, https:\/\/mrlewandowski.com\/wp-content\/uploads\/2021\/02\/P1230820-2-1536x1152.jpg?v=1614677958 1536w\" sizes=\"(max-width: 2048px) 100vw, 2048px\" \/>\t\t\t\t<\/a>\n\t\t\t\t\t\t\t<a href=\"#\" data-mfp-src=\"https:\/\/mrlewandowski.com\/wp-content\/uploads\/2021\/02\/P1230879-1024x768.jpg?v=1614677960\" class=\"ha-justified-grid__item ha-js-lightbox __fltr-2\" title=\"\">\n\t\t\t\t\t<img loading=\"lazy\" decoding=\"async\" width=\"2048\" height=\"1536\" src=\"https:\/\/mrlewandowski.com\/wp-content\/uploads\/2021\/02\/P1230879-2048x1536.jpg?v=1614677960\" class=\"elementor-animation-grow\" alt=\"\" srcset=\"https:\/\/mrlewandowski.com\/wp-content\/uploads\/2021\/02\/P1230879-2048x1536.jpg?v=1614677960 2048w, https:\/\/mrlewandowski.com\/wp-content\/uploads\/2021\/02\/P1230879-300x225.jpg?v=1614677960 300w, https:\/\/mrlewandowski.com\/wp-content\/uploads\/2021\/02\/P1230879-1024x768.jpg?v=1614677960 1024w, https:\/\/mrlewandowski.com\/wp-content\/uploads\/2021\/02\/P1230879-768x576.jpg?v=1614677960 768w, https:\/\/mrlewandowski.com\/wp-content\/uploads\/2021\/02\/P1230879-1536x1152.jpg?v=1614677960 1536w\" sizes=\"(max-width: 2048px) 100vw, 2048px\" \/>\t\t\t\t<\/a>\n\t\t\t\t\t\t\t<a href=\"#\" data-mfp-src=\"https:\/\/mrlewandowski.com\/wp-content\/uploads\/2021\/02\/P1230822-1024x768.jpg?v=1614677960\" class=\"ha-justified-grid__item ha-js-lightbox __fltr-2\" title=\"\">\n\t\t\t\t\t<img loading=\"lazy\" decoding=\"async\" width=\"2048\" height=\"1536\" src=\"https:\/\/mrlewandowski.com\/wp-content\/uploads\/2021\/02\/P1230822.jpg?v=1614677960\" class=\"elementor-animation-grow\" alt=\"\" srcset=\"https:\/\/mrlewandowski.com\/wp-content\/uploads\/2021\/02\/P1230822.jpg?v=1614677960 2304w, https:\/\/mrlewandowski.com\/wp-content\/uploads\/2021\/02\/P1230822-300x225.jpg?v=1614677960 300w, https:\/\/mrlewandowski.com\/wp-content\/uploads\/2021\/02\/P1230822-1024x768.jpg?v=1614677960 1024w, https:\/\/mrlewandowski.com\/wp-content\/uploads\/2021\/02\/P1230822-768x576.jpg?v=1614677960 768w\" sizes=\"(max-width: 2048px) 100vw, 2048px\" \/>\t\t\t\t<\/a>\n\t\t\t\t\t\t\t<a href=\"#\" data-mfp-src=\"https:\/\/mrlewandowski.com\/wp-content\/uploads\/2021\/02\/P1250099-1024x768.jpg?v=1614677960\" class=\"ha-justified-grid__item ha-js-lightbox __fltr-2\" title=\"\">\n\t\t\t\t\t<img loading=\"lazy\" decoding=\"async\" width=\"2048\" height=\"1536\" src=\"https:\/\/mrlewandowski.com\/wp-content\/uploads\/2021\/02\/P1250099-2048x1536.jpg?v=1614677960\" class=\"elementor-animation-grow\" alt=\"\" srcset=\"https:\/\/mrlewandowski.com\/wp-content\/uploads\/2021\/02\/P1250099-2048x1536.jpg?v=1614677960 2048w, https:\/\/mrlewandowski.com\/wp-content\/uploads\/2021\/02\/P1250099-300x225.jpg?v=1614677960 300w, https:\/\/mrlewandowski.com\/wp-content\/uploads\/2021\/02\/P1250099-1024x768.jpg?v=1614677960 1024w, https:\/\/mrlewandowski.com\/wp-content\/uploads\/2021\/02\/P1250099-768x576.jpg?v=1614677960 768w, https:\/\/mrlewandowski.com\/wp-content\/uploads\/2021\/02\/P1250099-1536x1152.jpg?v=1614677960 1536w\" sizes=\"(max-width: 2048px) 100vw, 2048px\" \/>\t\t\t\t<\/a>\n\t\t\t\t\t\t\t<a href=\"#\" data-mfp-src=\"https:\/\/mrlewandowski.com\/wp-content\/uploads\/2021\/03\/unnamed.jpg?v=1614678345\" class=\"ha-justified-grid__item ha-js-lightbox __fltr-3 __fltr-4\" title=\"\">\n\t\t\t\t\t<img loading=\"lazy\" decoding=\"async\" width=\"512\" height=\"202\" src=\"https:\/\/mrlewandowski.com\/wp-content\/uploads\/2021\/03\/unnamed.jpg?v=1614678345\" class=\"elementor-animation-grow\" alt=\"\" srcset=\"https:\/\/mrlewandowski.com\/wp-content\/uploads\/2021\/03\/unnamed.jpg?v=1614678345 512w, https:\/\/mrlewandowski.com\/wp-content\/uploads\/2021\/03\/unnamed-300x118.jpg?v=1614678345 300w\" sizes=\"(max-width: 512px) 100vw, 512px\" \/>\t\t\t\t<\/a>\n\t\t\t\t\t<\/div>\n\n\t\t\t\t<\/div>\n\t\t\t\t<\/div>\n\t\t\t\t\t<\/div>\n\t\t<\/div>\n\t\t\t\t\t<\/div>\n\t\t<\/section>\n\t\t\t\t<section class=\"elementor-section elementor-top-section elementor-element elementor-element-1dd79a7 elementor-section-boxed elementor-section-height-default elementor-section-height-default\" data-id=\"1dd79a7\" data-element_type=\"section\" data-settings=\"{&quot;_ha_eqh_enable&quot;:false}\">\n\t\t\t\t\t\t<div class=\"elementor-container elementor-column-gap-default\">\n\t\t\t\t\t<div class=\"elementor-column elementor-col-100 elementor-top-column elementor-element elementor-element-516ca2a\" data-id=\"516ca2a\" data-element_type=\"column\">\n\t\t\t<div class=\"elementor-widget-wrap elementor-element-populated\">\n\t\t\t\t\t\t<div class=\"elementor-element elementor-element-380d73f elementor-widget elementor-widget-text-editor\" data-id=\"380d73f\" data-element_type=\"widget\" data-widget_type=\"text-editor.default\">\n\t\t\t\t<div class=\"elementor-widget-container\">\n\t\t\t\t\t\t\t<div class=\"\"><span class=\"\"><span class=\"\" style=\"font-size: small;\">PRAWA AUTORSKIE\u00a0<\/span><\/span><\/div>\n<span class=\"\"><span class=\"\" style=\"font-size: small;\">Tre\u015b\u0107 powy\u017cszych artyku\u0142\u00f3w i biuletyn\u00f3w korzysta z ochrony udzielanej przez przepisy ustawy z dnia 4 lutego 1994 r. o prawie autorskim i prawach pokrewnych (j.t. Dz. U. z 2006 r. Nr 90, poz. 631 ze zm.). Ka\u017cdy z Klient\u00f3w i os\u00f3b zainteresowanych zobowi\u0105zany jest do poszanowania praw autorskich pod rygorem odpowiedzialno\u015bci cywilnoprawnej oraz karnej wynikaj\u0105cej z przepis\u00f3w tej ustawy. Tre\u015b\u0107 artyku\u0142u \u2013 w ca\u0142o\u015bci b\u0105d\u017a jakiejkolwiek cz\u0119\u015bci \u2013 mo\u017ce by\u0107 wykorzystywana tylko w zakresie dozwolonego u\u017cytku osobistego. Wykorzystanie tych artyku\u0142\u00f3w &#8211; w ca\u0142o\u015bci b\u0105d\u017a jakiejkolwiek cz\u0119\u015bci &#8211; do innych cel\u00f3w, a w szczeg\u00f3lno\u015bci &#8211; komercyjnych, w tym kopiowanie, publiczne odtwarzanie, lub udost\u0119pnianie osobom trzecim w jakikolwiek inny spos\u00f3b, mo\u017ce nast\u0119powa\u0107 tylko pod warunkiem uzyskania wyra\u017anego pisemnego zezwolenia autora Paw\u0142a Lewandowskiego i na warunkach przez niego okre\u015blonych. W celu uzyskania zgody na wykorzystanie zawarto\u015bci strony oraz tre\u015bci z innych stron powi\u0105zanych z grup\u0105\u00a0<b class=\"\"><span class=\"\" style=\"color: #606060;\">LEW MOTO\u00a0High Technology<\/span><\/b>\u00a0nale\u017cy skontaktowa\u0107 si\u0119 za po\u015brednictwem formularza kontaktowego dost\u0119pnego w zak\u0142adce Kontakt. Korzystanie z powy\u017cszych tre\u015bci w celu innym ni\u017c do u\u017cytku osobistego, a wi\u0119c do kopiowania, powielania, wykorzystywania w innych publikacjach w ca\u0142o\u015bci lub w cz\u0119\u015bci bez pisemnej zgody jest zabronione i podlega odpowiedzialno\u015bci cywilnoprawnej oraz karnej wynikaj\u0105cej z przepis\u00f3w ustawy o prawie autorskim i prawach pokrewnych.<\/span>\t\t\t\t\t\t<\/div>\n\t\t\t\t<\/div>\n\t\t\t\t\t<\/div>\n\t\t<\/div>\n\t\t\t\t\t<\/div>\n\t\t<\/section>\n\t\t\t\t<\/div>\n\t\t","protected":false},"excerpt":{"rendered":"<p>Wszystkie ZAAWANSOWANE NAPRAWY PROCES WYTWARZANIA Nowoczesne maszyny Nowe rozwi\u0105zania techniczne PRAWA AUTORSKIE\u00a0 Tre\u015b\u0107 powy\u017cszych artyku\u0142\u00f3w i biuletyn\u00f3w korzysta z ochrony udzielanej przez przepisy ustawy z dnia 4 lutego 1994 r. o prawie autorskim i prawach pokrewnych (j.t. Dz. U. z 2006 r. Nr 90, poz. 631 ze zm.). Ka\u017cdy z Klient\u00f3w i os\u00f3b zainteresowanych zobowi\u0105zany [&hellip;]<\/p>\n","protected":false},"author":1,"featured_media":0,"parent":0,"menu_order":0,"comment_status":"closed","ping_status":"closed","template":"elementor_header_footer","meta":{"footnotes":""},"class_list":["post-378","page","type-page","status-publish","hentry"],"aioseo_notices":[],"acf":[],"_links":{"self":[{"href":"https:\/\/mrlewandowski.com\/index.php?rest_route=\/wp\/v2\/pages\/378"}],"collection":[{"href":"https:\/\/mrlewandowski.com\/index.php?rest_route=\/wp\/v2\/pages"}],"about":[{"href":"https:\/\/mrlewandowski.com\/index.php?rest_route=\/wp\/v2\/types\/page"}],"author":[{"embeddable":true,"href":"https:\/\/mrlewandowski.com\/index.php?rest_route=\/wp\/v2\/users\/1"}],"replies":[{"embeddable":true,"href":"https:\/\/mrlewandowski.com\/index.php?rest_route=%2Fwp%2Fv2%2Fcomments&post=378"}],"version-history":[{"count":0,"href":"https:\/\/mrlewandowski.com\/index.php?rest_route=\/wp\/v2\/pages\/378\/revisions"}],"wp:attachment":[{"href":"https:\/\/mrlewandowski.com\/index.php?rest_route=%2Fwp%2Fv2%2Fmedia&parent=378"}],"curies":[{"name":"wp","href":"https:\/\/api.w.org\/{rel}","templated":true}]}}