{"id":429,"date":"2021-02-10T09:36:37","date_gmt":"2021-02-10T08:36:37","guid":{"rendered":"https:\/\/mrlewandowski.com\/?page_id=429"},"modified":"2021-05-06T09:49:51","modified_gmt":"2021-05-06T07:49:51","slug":"biuletyny-techniczne","status":"publish","type":"page","link":"https:\/\/mrlewandowski.com\/?page_id=429","title":{"rendered":"Biuletyny techniczne"},"content":{"rendered":"\t\t<div data-elementor-type=\"wp-page\" data-elementor-id=\"429\" class=\"elementor elementor-429\" data-elementor-post-type=\"page\">\n\t\t\t\t\t\t<section class=\"elementor-section elementor-top-section elementor-element elementor-element-368fd78 elementor-section-boxed elementor-section-height-default elementor-section-height-default\" data-id=\"368fd78\" data-element_type=\"section\" data-settings=\"{&quot;_ha_eqh_enable&quot;:false}\">\n\t\t\t\t\t\t<div class=\"elementor-container elementor-column-gap-default\">\n\t\t\t\t\t<div class=\"elementor-column elementor-col-100 elementor-top-column elementor-element elementor-element-48d08fe\" data-id=\"48d08fe\" data-element_type=\"column\">\n\t\t\t<div class=\"elementor-widget-wrap elementor-element-populated\">\n\t\t\t\t\t\t<div class=\"elementor-element elementor-element-054cd27 elementor-widget elementor-widget-heading\" data-id=\"054cd27\" data-element_type=\"widget\" data-widget_type=\"heading.default\">\n\t\t\t\t<div class=\"elementor-widget-container\">\n\t\t\t<h2 class=\"elementor-heading-title elementor-size-default\">Biuletyny techniczne - zaawansowane naprawy<\/h2>\t\t<\/div>\n\t\t\t\t<\/div>\n\t\t\t\t<div class=\"elementor-element elementor-element-1e241bc elementor-widget elementor-widget-shortcode\" data-id=\"1e241bc\" data-element_type=\"widget\" data-widget_type=\"shortcode.default\">\n\t\t\t\t<div class=\"elementor-widget-container\">\n\t\t\t\t\t<div class=\"elementor-shortcode\"><div class=\"dflip-books\"><div class=\"_df_thumb \" id=\"df_947\"  _slug=\"cummins-pompy-mechaniczne-i-pompo-wtryskiwacze\" data-title=\"cummins-pompy-mechaniczne-i-pompo-wtryskiwacze\" wpoptions=\"true\" thumb=\"https:\/\/mrlewandowski.com\/wp-content\/uploads\/2021\/04\/Zrzut-ekranu-2021-04-27-o-17.01.01.png\" thumbtype=\"\" >CUMMINS POMPY MECHANICZNE i POMPO-WTRYSKIWACZE<\/div><script class=\"df-shortcode-script\" type=\"application\/javascript\">window.option_df_947 = {\"outline\":[],\"autoEnableOutline\":\"false\",\"autoEnableThumbnail\":\"false\",\"overwritePDFOutline\":\"false\",\"enableDownload\":\"false\",\"direction\":\"1\",\"pageSize\":\"0\",\"source\":\"https:\\\/\\\/mrlewandowski.com\\\/wp-content\\\/uploads\\\/2021\\\/04\\\/CUMMINS-S.T-REMAN.pdf\",\"wpOptions\":\"true\"}; if(window.DFLIP && window.DFLIP.parseBooks){window.DFLIP.parseBooks();}<\/script><div class=\"_df_thumb \" id=\"df_920\"  _slug=\"heui-caterpillar\" data-title=\"heui-caterpillar\" wpoptions=\"true\" thumb=\"https:\/\/mrlewandowski.com\/wp-content\/uploads\/2021\/04\/Zrzut-ekranu-2021-05-6-o-09.39.56.png\" thumbtype=\"\" >HEUI CATERPILLAR<\/div><script class=\"df-shortcode-script\" type=\"application\/javascript\">window.option_df_920 = {\"outline\":[],\"autoEnableOutline\":\"false\",\"autoEnableThumbnail\":\"false\",\"overwritePDFOutline\":\"false\",\"enableDownload\":\"false\",\"direction\":\"1\",\"pageSize\":\"0\",\"source\":\"https:\\\/\\\/mrlewandowski.com\\\/wp-content\\\/uploads\\\/2021\\\/04\\\/HEUI-LEW-MOTO-2.pdf\",\"wpOptions\":\"true\"}; if(window.DFLIP && window.DFLIP.parseBooks){window.DFLIP.parseBooks();}<\/script><div class=\"_df_thumb \" id=\"df_483\"  _slug=\"483\" data-title=\"odtwarzanie-czesci-rekonstrukcja\" wpoptions=\"true\" thumb=\"https:\/\/mrlewandowski.com\/wp-content\/uploads\/2021\/02\/Zrzut-ekranu-2021-02-15-o-10.11.29.png\" thumbtype=\"\" >Odtwarzanie cz\u0119\u015bci REKONSTRUKCJA<\/div><script class=\"df-shortcode-script\" type=\"application\/javascript\">window.option_df_483 = {\"outline\":[],\"autoEnableOutline\":\"false\",\"autoEnableThumbnail\":\"false\",\"overwritePDFOutline\":\"false\",\"enableDownload\":\"false\",\"direction\":\"1\",\"pageSize\":\"0\",\"source\":\"https:\\\/\\\/mrlewandowski.com\\\/wp-content\\\/uploads\\\/2021\\\/02\\\/REKONSTRUKCJA-1.pdf\",\"wpOptions\":\"true\"}; if(window.DFLIP && window.DFLIP.parseBooks){window.DFLIP.parseBooks();}<\/script><div class=\"_df_thumb \" id=\"df_426\"  _slug=\"zaawansowana-naprawa-pump-maximec-cav-12-cyl\" data-title=\"zaawansowana-naprawa-pump-maximec-cav-12-cyl\" wpoptions=\"true\" thumb=\"https:\/\/mrlewandowski.com\/wp-content\/uploads\/2021\/02\/Zrzut-ekranu-2021-02-10-o-10.34.39.png\" thumbtype=\"\" >Zaawansowana naprawa PUMP MAXIMEC CAV 12 CYL<\/div><script class=\"df-shortcode-script\" type=\"application\/javascript\">window.option_df_426 = {\"outline\":[],\"autoEnableOutline\":\"false\",\"autoEnableThumbnail\":\"false\",\"overwritePDFOutline\":\"false\",\"enableDownload\":\"false\",\"direction\":\"1\",\"pageSize\":\"0\",\"source\":\"https:\\\/\\\/mrlewandowski.com\\\/wp-content\\\/uploads\\\/2021\\\/02\\\/BIULETYN-MAXIMEC-2.pdf\",\"wpOptions\":\"true\"}; if(window.DFLIP && window.DFLIP.parseBooks){window.DFLIP.parseBooks();}<\/script><\/div><\/div>\n\t\t\t\t<\/div>\n\t\t\t\t<\/div>\n\t\t\t\t\t<\/div>\n\t\t<\/div>\n\t\t\t\t\t<\/div>\n\t\t<\/section>\n\t\t\t\t<section class=\"elementor-section elementor-top-section elementor-element elementor-element-7e02dd5 elementor-section-boxed elementor-section-height-default elementor-section-height-default\" data-id=\"7e02dd5\" data-element_type=\"section\" data-settings=\"{&quot;_ha_eqh_enable&quot;:false}\">\n\t\t\t\t\t\t<div class=\"elementor-container elementor-column-gap-default\">\n\t\t\t\t\t<div class=\"elementor-column elementor-col-100 elementor-top-column elementor-element elementor-element-3d5e5ee\" data-id=\"3d5e5ee\" data-element_type=\"column\">\n\t\t\t<div class=\"elementor-widget-wrap elementor-element-populated\">\n\t\t\t\t\t\t<div class=\"elementor-element elementor-element-c66b4c2 elementor-widget elementor-widget-text-editor\" data-id=\"c66b4c2\" data-element_type=\"widget\" data-widget_type=\"text-editor.default\">\n\t\t\t\t<div class=\"elementor-widget-container\">\n\t\t\t\t\t\t\t<div class=\"\"><span class=\"\"><span class=\"\" style=\"font-size: small;\">PRAWA AUTORSKIE\u00a0<\/span><\/span><\/div>\n<span class=\"\"><span class=\"\" style=\"font-size: small;\">Tre\u015b\u0107 powy\u017cszych artyku\u0142\u00f3w i biuletyn\u00f3w korzysta z ochrony udzielanej przez przepisy ustawy z dnia 4 lutego 1994 r. o prawie autorskim i prawach pokrewnych (j.t. Dz. U. z 2006 r. Nr 90, poz. 631 ze zm.). Ka\u017cdy z Klient\u00f3w i os\u00f3b zainteresowanych zobowi\u0105zany jest do poszanowania praw autorskich pod rygorem odpowiedzialno\u015bci cywilnoprawnej oraz karnej wynikaj\u0105cej z przepis\u00f3w tej ustawy. Tre\u015b\u0107 artyku\u0142u \u2013 w ca\u0142o\u015bci b\u0105d\u017a jakiejkolwiek cz\u0119\u015bci \u2013 mo\u017ce by\u0107 wykorzystywana tylko w zakresie dozwolonego u\u017cytku osobistego. Wykorzystanie tych artyku\u0142\u00f3w &#8211; w ca\u0142o\u015bci b\u0105d\u017a jakiejkolwiek cz\u0119\u015bci &#8211; do innych cel\u00f3w, a w szczeg\u00f3lno\u015bci &#8211; komercyjnych, w tym kopiowanie, publiczne odtwarzanie, lub udost\u0119pnianie osobom trzecim w jakikolwiek inny spos\u00f3b, mo\u017ce nast\u0119powa\u0107 tylko pod warunkiem uzyskania wyra\u017anego pisemnego zezwolenia autora Paw\u0142a Lewandowskiego i na warunkach przez niego okre\u015blonych. W celu uzyskania zgody na wykorzystanie zawarto\u015bci strony oraz tre\u015bci z innych stron powi\u0105zanych z grup\u0105\u00a0<b class=\"\"><span class=\"\" style=\"color: #606060;\">LEW MOTO\u00a0High Technology<\/span><\/b>\u00a0nale\u017cy skontaktowa\u0107 si\u0119 za po\u015brednictwem formularza kontaktowego dost\u0119pnegow zak\u0142adce Kontakt. Korzystanie z powy\u017cszych tre\u015bci w celu innym ni\u017c do u\u017cytku osobistego, a wi\u0119c do kopiowania, powielania, wykorzystywania w innych publikacjach w ca\u0142o\u015bci lub w cz\u0119\u015bci bez pisemnej zgody jest zabronione i podlega odpowiedzialno\u015bci cywilnoprawnej oraz karnej wynikaj\u0105cej z przepis\u00f3w ustawy o prawie autorskim i prawach pokrewnych.<\/span>\t\t\t\t\t\t<\/div>\n\t\t\t\t<\/div>\n\t\t\t\t\t<\/div>\n\t\t<\/div>\n\t\t\t\t\t<\/div>\n\t\t<\/section>\n\t\t\t\t<\/div>\n\t\t","protected":false},"excerpt":{"rendered":"<p>Biuletyny techniczne &#8211; zaawansowane naprawy PRAWA AUTORSKIE\u00a0 Tre\u015b\u0107 powy\u017cszych artyku\u0142\u00f3w i biuletyn\u00f3w korzysta z ochrony udzielanej przez przepisy ustawy z dnia 4 lutego 1994 r. o prawie autorskim i prawach pokrewnych (j.t. Dz. U. z 2006 r. Nr 90, poz. 631 ze zm.). Ka\u017cdy z Klient\u00f3w i os\u00f3b zainteresowanych zobowi\u0105zany jest do poszanowania praw autorskich [&hellip;]<\/p>\n","protected":false},"author":1,"featured_media":0,"parent":0,"menu_order":0,"comment_status":"closed","ping_status":"closed","template":"elementor_header_footer","meta":{"footnotes":""},"class_list":["post-429","page","type-page","status-publish","hentry"],"aioseo_notices":[],"acf":[],"_links":{"self":[{"href":"https:\/\/mrlewandowski.com\/index.php?rest_route=\/wp\/v2\/pages\/429"}],"collection":[{"href":"https:\/\/mrlewandowski.com\/index.php?rest_route=\/wp\/v2\/pages"}],"about":[{"href":"https:\/\/mrlewandowski.com\/index.php?rest_route=\/wp\/v2\/types\/page"}],"author":[{"embeddable":true,"href":"https:\/\/mrlewandowski.com\/index.php?rest_route=\/wp\/v2\/users\/1"}],"replies":[{"embeddable":true,"href":"https:\/\/mrlewandowski.com\/index.php?rest_route=%2Fwp%2Fv2%2Fcomments&post=429"}],"version-history":[{"count":0,"href":"https:\/\/mrlewandowski.com\/index.php?rest_route=\/wp\/v2\/pages\/429\/revisions"}],"wp:attachment":[{"href":"https:\/\/mrlewandowski.com\/index.php?rest_route=%2Fwp%2Fv2%2Fmedia&parent=429"}],"curies":[{"name":"wp","href":"https:\/\/api.w.org\/{rel}","templated":true}]}}